{"id":2,"date":"2007-12-19T13:15:17","date_gmt":"2007-12-19T12:15:17","guid":{"rendered":""},"modified":"2011-10-15T11:00:51","modified_gmt":"2011-10-15T10:00:51","slug":"a-propos","status":"publish","type":"page","link":"https:\/\/pas-bien.net\/blog\/a-propos","title":{"rendered":"A propos"},"content":{"rendered":"<p>Voici un petit r\u00e9sum\u00e9 de ce qu&rsquo;est cens\u00e9 \u00eatre ce blog :<\/p>\n<p align=\"center\"><object id=\"FlashGame\" width=\"473\" height=\"344\" classid=\"clsid:d27cdb6e-ae6d-11cf-96b8-444553540000\" codebase=\"http:\/\/download.macromedia.com\/pub\/shockwave\/cabs\/flash\/swflash.cab#version=6,0,40,0\"><param name=\"quality\" value=\"high\" \/><param name=\"src\" value=\"http:\/\/pas-bien.net\/blog\/wp-content\/uploads\/2007\/12\/asstitties.swf\" \/><embed id=\"FlashGame\" width=\"473\" height=\"344\" type=\"application\/x-shockwave-flash\" src=\"http:\/\/pas-bien.net\/blog\/wp-content\/uploads\/2007\/12\/asstitties.swf\" quality=\"high\" \/><\/object><\/p>\n","protected":false},"excerpt":{"rendered":"<p>Voici un petit r\u00e9sum\u00e9 de ce qu&rsquo;est cens\u00e9 \u00eatre ce blog :<\/p>\n","protected":false},"author":1,"featured_media":0,"parent":0,"menu_order":0,"comment_status":"open","ping_status":"open","template":"","meta":[],"_links":{"self":[{"href":"https:\/\/pas-bien.net\/blog\/wp-json\/wp\/v2\/pages\/2"}],"collection":[{"href":"https:\/\/pas-bien.net\/blog\/wp-json\/wp\/v2\/pages"}],"about":[{"href":"https:\/\/pas-bien.net\/blog\/wp-json\/wp\/v2\/types\/page"}],"author":[{"embeddable":true,"href":"https:\/\/pas-bien.net\/blog\/wp-json\/wp\/v2\/users\/1"}],"replies":[{"embeddable":true,"href":"https:\/\/pas-bien.net\/blog\/wp-json\/wp\/v2\/comments?post=2"}],"version-history":[{"count":6,"href":"https:\/\/pas-bien.net\/blog\/wp-json\/wp\/v2\/pages\/2\/revisions"}],"predecessor-version":[{"id":521,"href":"https:\/\/pas-bien.net\/blog\/wp-json\/wp\/v2\/pages\/2\/revisions\/521"}],"wp:attachment":[{"href":"https:\/\/pas-bien.net\/blog\/wp-json\/wp\/v2\/media?parent=2"}],"curies":[{"name":"wp","href":"https:\/\/api.w.org\/{rel}","templated":true}]}}